{"id":2760,"date":"2015-12-20T03:31:21","date_gmt":"2015-12-20T02:31:21","guid":{"rendered":"http:\/\/www.ngo-horizonti.org\/mne\/?page_id=2760"},"modified":"2016-11-15T03:21:04","modified_gmt":"2016-11-15T02:21:04","slug":"press-clipping","status":"publish","type":"page","link":"https:\/\/www.ngo-horizonti.org\/mne\/press-clipping\/","title":{"rendered":"Press Clipping"},"content":{"rendered":"<p><a href=\"https:\/\/www.ngo-horizonti.org\/wp-content\/uploads\/2016\/09\/Kendi-per-te-rinj-ne-Ulqin-Koha-Javore-29-shtator-2016.pdf\" class=\"docicon\" target=\"_blank\">K\u00ebndi p\u00ebr t\u00eb rinj n\u00eb Ulqin (Koha Javore \u2013 29 shtator 2016)<\/a><\/p>\n<p><a href=\"https:\/\/www.youtube.com\/watch?v=v39k6RCIFdk\" class=\"videoicon\" target=\"_blank\">Hartimi i Planit lokal kund\u00ebr drogave \u2013 Izrada LPA za prevenciju narkomanije (TV Teuta)<\/a><\/p>\n<p><a href=\"https:\/\/www.ngo-horizonti.org\/wp-content\/uploads\/2016\/09\/Hartimi-i-Planit-lokal-per-parandalimin-e-semundjeve-te-varesise-Koha-Javore-15-09-2016.pdf\" class=\"docicon\" target=\"_blank\">Hartimi i Planit lokal kund\u00ebr drogave (Koha Javore, 15 shtator 2016)<\/a><\/p>\n<p><a href=\"https:\/\/www.ngo-horizonti.org\/wp-content\/uploads\/2016\/09\/DAN-Izrada-LAP-za-prevenciju-narkomanije.pdf\" class=\"docicon\" target=\"_blank\">Izrada LAP za prevenciju narkomanije (DAN, 2. septembar 2016)<\/a><\/p>\n<p><a href=\"https:\/\/www.ngo-horizonti.org\/wp-content\/uploads\/2016\/08\/Qendra-Burimore-per-mbeshtetjen-e-OJQ-ve-KOHA-JAVORE.pdf\" class=\"docicon\" target=\"_blank\">Qendra Burimore per mbeshtetjen e OJQ-ve (Koha Javore, 04 gusht 2016)<\/a><\/p>\n<p><a href=\"https:\/\/www.youtube.com\/watch?v=LJZFhjRMBbA\" class=\"videoicon\" target=\"_blank\">Te rinjte flasin mbi video spotin edukativ &#8211; Te Rinjte e Ulqinit Kunder Droges \u2013 (TV Teuta)<\/a><\/p>\n<p><a href=\"https:\/\/www.youtube.com\/watch?v=BkNHj3koIWY\" class=\"videoicon\" target=\"_blank\">T\u00eb rinjt\u00eb e Ulqinit kund\u00ebr drog\u00ebs (Spot Edukativ)<\/a><\/p>\n<p><a href=\"https:\/\/youtu.be\/fXCTBODmbmM\" class=\"videoicon\" target=\"_blank\">Ndarja e diplomave p\u00ebr Edukator\u00ebt Bashk\u00ebmoshatar\u00eb \u2013 Vizita e Ambasadores Amerikane (TV Mozaiku, maj 2016)<\/a><\/p>\n<p><a href=\"https:\/\/youtu.be\/KnsQaRODAZ8\" class=\"videoicon\" target=\"_blank\">Ndarja e diplomave p\u00ebr Edukator\u00ebt Bashk\u00ebmoshatare \u2013 Vizita e Ambasadores Amerikane (TV Teuta, maj 2016)<\/a><\/p>\n<p><a href=\"https:\/\/youtu.be\/ZqHqL5onwMI\" class=\"videoicon\" target=\"_blank\">Publikimi i Udh\u00ebzuesit dhe ndarja e diplomave p\u00ebr Edukator\u00ebt Bashk\u00ebmoshatar\u00eb (Zeri Amerikes, maj 2016)<\/a><\/p>\n<p><a href=\"https:\/\/www.ngo-horizonti.org\/wp-content\/uploads\/2016\/05\/Ndarja-e-diplomave-per-edukatoret-bashkemoshatare.pdf\" class=\"docicon\" target=\"_blank\">Ndarja e diplomave p\u00ebr edukator\u00ebt bashk\u00ebmoshatar\u00eb \u2013 Vizita e Ambasadores UEHARA (Koha Javore, 19 maj 2016)<\/a><\/p>\n<p><a href=\"https:\/\/www.ngo-horizonti.org\/wp-content\/uploads\/2016\/05\/Dodjela-diploma-vrsnjackim-edukatorima.pdf\" class=\"docicon\" target=\"_blank\">Dodjela diploma vr\u0161nja\u010dkim edukatorima i posjeta Ambasadorke UEHARA (Vijesti, 13.maj 2016.)<\/a><\/p>\n<p><a href=\"https:\/\/youtu.be\/mO-lR8sxfv8\" class=\"videoicon\" target=\"_blank\">Prezantimi i rezultateve t\u00eb hulumtimit p\u00ebr problemin e narkomanis\u00eb n\u00eb Ulqin (TVMZ, shkurt 2016)<\/a><\/p>\n<p><a href=\"https:\/\/www.youtube.com\/watch?v=TR6YQCj7pRg\" class=\"videoicon\" target=\"_blank\">Prezantimi i rezultateve t\u00eb anket\u00ebs mbi drogat \u2013 Konferenc\u00eb p\u00ebr media (TV Teuta, shkurt 2016)<\/a><\/p>\n<p><a href=\"https:\/\/www.ngo-horizonti.org\/wp-content\/uploads\/2016\/03\/2016-02-Prezantimi-i-rezultateve-te-hulumtimit-mbi-drogat-ne-Ulqin-Koha-Javore-25-02-2016-1.pdf\" class=\"docicon\" target=\"_blank\">Prezantimi i rezultateve t\u00eb hulumtimit mbi drogat n\u00eb Ulqin (Koha Javore, 25.02.2016)<\/a><\/p>\n<p><a href=\"https:\/\/www.ngo-horizonti.org\/wp-content\/uploads\/2016\/03\/2016-01-Rezultati-istrazivanja-o-drogama-DAN-24-02-2016-1.pdf\" class=\"docicon\" target=\"_blank\">Rezultati istrazivanja o drogama (DAN, 24.02.2016)<\/a><\/p>\n<p><a href=\"https:\/\/www.ngo-horizonti.org\/wp-content\/uploads\/2016\/03\/Program-trajnues-per-edukatoret-e-rinj-Koha-Javore-24-12-2015.pdf\" class=\"docicon\" target=\"_blank\">Program trajnues p\u00ebr edukator\u00ebt e rinj (Koha Javore 24.12.2015)<\/a><\/p>\n<p><a href=\"https:\/\/www.ngo-horizonti.org\/wp-content\/uploads\/2016\/03\/Potpisan-Memorandum-o-saradnji-sa-lokalnim-partnerima-DAN-20-11-2015.jpg\" class=\"docicon\" target=\"_blank\">Potpisan Memorandum o saradnji sa lokalnim partnerima (DAN 20.11.2015)<\/a><\/p>\n<p><a href=\"https:\/\/www.ngo-horizonti.org\/wp-content\/uploads\/2016\/03\/Memorandum-Nenshkrimi-Koha-Javore-26-11-2015.pdf\" class=\"docicon\" target=\"_blank\">Marr\u00ebveshje shum\u00ebpal\u00ebshe bashk\u00ebpunimi (Koha Javore 26.11.2015)<\/a><\/p>\n<p><a href=\"https:\/\/www.youtube.com\/watch?v=DMfLiG5Xaz0\" class=\"videoicon\" target=\"_blank\">Partneriteti lokal kund\u00ebr abuzimit t\u00eb drogave dhe delikuenc\u00ebs s\u00eb t\u00eb mitur\u00ebve 2015 (TV Teuta)<\/a><\/p>\n<p><a href=\"https:\/\/www.ngo-horizonti.org\/wp-content\/uploads\/2016\/03\/Projekti-Partneriteti-Lokal-kunder-abuzimit-me-droga-dhe-delikuences-se-te-miturve-Koha-Javore-22-10-2015.pdf\" class=\"docicon\" target=\"_blank\">Partneriteti Lokal kund\u00ebr abuzimit me droga dhe delikuenc\u00ebs s\u00eb t\u00eb miturve (Koha Javore 22.10.2015)<\/a><\/p>\n<p><a href=\"https:\/\/www.ngo-horizonti.org\/wp-content\/uploads\/2016\/03\/Reagim-i-OJQ-ve-lokale-02-07-2015.jpg\" class=\"docicon\" target=\"_blank\">Reagim i OJQ-ve lokale (Koha Javore 02.07.2015)<\/a><\/p>\n<p><a href=\"https:\/\/www.ngo-horizonti.org\/wp-content\/uploads\/2016\/03\/Edukim-i-gjimnazisteve-per-ceshtjet-e-identitetit-kombetare-Koha-Javore-28-05-2015.pdf\" class=\"docicon\" target=\"_blank\">Edukim i gjimnazist\u00ebve p\u00ebr \u00e7\u00ebshtjet e identitetit komb\u00ebtar\u00eb (Koha Javore 28.05.2015)<\/a><\/p>\n<p><a href=\"https:\/\/www.ngo-horizonti.org\/wp-content\/uploads\/2016\/03\/Rritja-e-vetedijes-se-te-rinjve-per-ruajtjen-e-identitetit-kombetar-Koha-Javore-05-03-2015-1.png\" class=\"docicon\" target=\"_blank\">Rritja e vet\u00ebdijes s\u00eb t\u00eb rinjve p\u00ebr ruajtjen e identitetit komb\u00ebtar (Koha Javore 05.03.2015)<\/a><\/p>\n<p><a href=\"https:\/\/www.youtube.com\/watch?v=7K7eKcbiCBc\" class=\"videoicon\" target=\"_blank\">Udh\u00ebzues p\u00ebr prind\u00ebrit e vet\u00ebm 2015 (TV Teuta)<\/a><\/p>\n<p><a href=\"https:\/\/www.youtube.com\/watch?v=s9aku73D3pg\" class=\"videoicon\" target=\"_blank\">Memorandum: Djeca Crne Gore \u2013 Horizonti i Ri \u2013 Komuna e Ulqinit 2015 (TV Teuta)<\/a><\/p>\n<p><a href=\"https:\/\/www.youtube.com\/watch?v=YbYopYw0_EE\" class=\"videoicon\" target=\"_blank\">Plani i veprimit rinor 2014 (TVT)<\/a><\/p>\n<p><a href=\"https:\/\/www.youtube.com\/watch?v=5wrTAdGApq4\" class=\"videoicon\" target=\"_blank\">Ekspozita ULQINI QYTETI I TE RINJEVE (TV Mozaiku)<\/a><\/p>\n<p><a href=\"https:\/\/www.youtube.com\/watch?v=2lBF6ftyhIc\" class=\"videoicon\" target=\"_blank\">Ekspozita ULQINI QYTETI I TE RINJEVE (TVT)<\/a><\/p>\n<p><a href=\"https:\/\/www.ngo-horizonti.org\/wp-content\/uploads\/2016\/07\/2014-11-Ekspozita-me-punime-figurative-dhe-fotografi-me-teme-Ulqini-Qytet-per-te-rinj-Koha-Javore-27-11-2014-3.png\" class=\"docicon\" target=\"_blank\">Ekspozita me punime figurative dhe fotografi me teme Ulqini Qytet per te rinj (Koha Javore 27.11.2014)<\/a><\/p>\n<p><!--nextpage--><\/p>\n<p><a href=\"https:\/\/www.ngo-horizonti.org\/wp-content\/uploads\/2016\/07\/2014-10-Evropski-Dijalog-Mladih-Posjeta-bjelopoljskih-srednjoskolaca-Baru-17-11-2014.jpg\" class=\"docicon\" target=\"_blank\">Evropski Dijalog Mladih \u2013 Posjeta bjelopoljskih srednjoskolaca Baru (DAN 17.11.2014)<\/a><\/p>\n<p><a href=\"https:\/\/www.ngo-horizonti.org\/wp-content\/uploads\/2016\/07\/Evro-Atlantski-Dijalog-Mladih-Mladi-Bjelopoljci-gosti-kod-vrsnjaka-u-Baru-Vijesti-17-11-2014-2.jpg\" class=\"docicon\" target=\"_blank\">Evro Atlantski Dijalog Mladih \u2013 Mladi Bjelopoljci gosti kod vrsnjaka u Baru (Vijesti 17.11.2014)<\/a><\/p>\n<p><a href=\"https:\/\/www.ngo-horizonti.org\/wp-content\/uploads\/2016\/07\/Mladi-u-Evro-Atlantskom-Dialogu-Edukativna-predavanja-za-Barske-skrednjoskolce-DAN-26-10-2014.jpg\" class=\"videoicon\" target=\"_blank\">Mladi u Evro Atlantskom Dialogu Edukativna predavanja za Barske skrednjoskolce (DAN 26.10.2014)<\/a><\/p>\n<p><a href=\"https:\/\/www.ngo-horizonti.org\/wp-content\/uploads\/2016\/07\/Edukativna-predavanja-za-Barske-skrednjoskolce-Vijesti-25-10-2014.png\" class=\"videoicon\" target=\"_blank\">Edukativna predavanja za Barske skrednjoskolce (Vijesti 25.10.2014)<\/a><\/p>\n<p><a href=\"https:\/\/www.ngo-horizonti.org\/wp-content\/uploads\/2016\/07\/Rezultatet-e-hulumtimit-mbi-problemet-dhe-nevojat-e-te-rinjve-ne-Ulqin-Koha-Javore-02-10-2014.pdf\" class=\"docicon\" target=\"_blank\">Rezultatet e hulumtimit mbi problemet dhe nevojat e te rinjve ne Ulqin (Koha Javore 02.10.2014)<\/a><\/p>\n<p><a href=\"https:\/\/www.ngo-horizonti.org\/wp-content\/uploads\/2016\/07\/Rezultati-ankete-o-problemima-i-potrebama-mladih-u-Ulcinju-Dan-20-09-2014.jpg\" class=\"docicon\" target=\"_blank\">Rezultati ankete o problemima i potrebama mladih u Ulcinju (Dan 20.09.2014)<\/a><\/p>\n<p><a href=\"https:\/\/www.ngo-horizonti.org\/wp-content\/uploads\/2016\/07\/Istrazivanje-potreba-mladih-Dnevne-Novine-15-09-2014.jpg\" class=\"docicon\" target=\"_blank\">Istrazivanje potreba mladih (Dnevne Novine 15.09.2014)<\/a><\/p>\n<p><a href=\"https:\/\/www.ngo-horizonti.org\/wp-content\/uploads\/2016\/07\/Press-Conference-Rezultatet-e-hulumtimit-te-problemeve-dhe-nevojave-te-te-rinjve-ne-Ulqin-Koha-Javore-11-09-2014.pdf\" class=\"docicon\" target=\"_blank\">Press Conference \u2013 Rezultatet e hulumtimit te problemeve dhe nevojave te te rinjve ne Ulqin (Koha Javore 11.09.2014)<\/a><\/p>\n<p><a href=\"https:\/\/www.youtube.com\/watch?v=mpWNZLyPQH0\" class=\"videoicon\" target=\"_blank\">Identifikimi i nevojave t\u00eb t\u00eb rinjve n\u00eb nivelin lokal \u2013 Rezultatet e anketes 2014 (TV Teuta)<\/a><\/p>\n<p><a href=\"https:\/\/www.ngo-horizonti.org\/wp-content\/uploads\/2016\/07\/Trajnimi-per-pjesemarrjen-e-te-rinjve-KOHA-JAVORE-19-06-2014.jpg\" class=\"docicon\" target=\"_blank\">Trajnimi per pjesemarrjen e te rinjve (Koha Javore 19.06.2014)<\/a><\/p>\n<p><a href=\"https:\/\/www.ngo-horizonti.org\/wp-content\/uploads\/2016\/07\/Nenshkrimi-i-bashkpunimit-me-Komunen-Koha-Javore-12-06-2014.pdf\" class=\"docicon\" target=\"_blank\">Nenshkrimi i bashkpunimit me Komunen (Koha Javore 12.06.2014)<\/a><\/p>\n<p><a href=\"https:\/\/www.ngo-horizonti.org\/wp-content\/uploads\/2016\/07\/Horizonti-i-Ri-shenoi-9.-majin-Diten-e-Evropes-Koja-javore-15-maj-2014-2.jpg\" class=\"docicon\" target=\"_blank\">Horizonti i Ri shenoi 9. majin \u2013 Diten e Evropes (Koha javore 15.05.2014)<\/a><\/p>\n<p><a href=\"https:\/\/www.youtube.com\/watch?v=mjDPM5Y4Qyw\" class=\"videoicon\" target=\"_blank\">Horizonti i Ri shenoi 9. majin \u2013 Diten e Evropes (TV Teuta)<\/a><\/p>\n<p><a href=\"https:\/\/www.youtube.com\/watch?v=_t3pdZhXkxs\" class=\"videoicon\" target=\"_blank\">Te rinjte flasin mbi Integrimet NH 2014 (TV MOZAIKU)<\/a><\/p>\n<p><a href=\"https:\/\/www.ngo-horizonti.org\/wp-content\/uploads\/2016\/07\/EU-DAY-Koha-Javore.jpg\" class=\"docicon\" target=\"_blank\">Horizonti i Ri shenoi Diten e Evropes (Koha javore 10.05.2013)<\/a><\/p>\n<p><a href=\"https:\/\/www.ngo-horizonti.org\/wp-content\/uploads\/2016\/07\/Perfundoj-projekti-NATO-dhe-dialogu-i-te-rinjve-Koha-Javore-2012.jpg\" class=\"docicon\" target=\"_blank\">Perfundoj projekti NATO dhe dialogu i te rinjve (Koha Javore 20.12.2012)<\/a><\/p>\n<p><a href=\"https:\/\/www.ngo-horizonti.org\/wp-content\/uploads\/2016\/07\/Gjimnazistet-e-Ulqinit-vizituan-qytetin-e-Beranes-Koha-Javore-06-12-2012.pdf\" class=\"docicon\" target=\"_blank\">Gjimnazistet e Ulqinit vizituan qytetin e Beranes (Koha Javore 06.12.2012)<\/a><\/p>\n<p><a href=\"https:\/\/www.ngo-horizonti.org\/wp-content\/uploads\/2016\/07\/Programi-edukativ-Nato-dhe-dialogu-i-te-rinjve-25-10-2012.jpg\" class=\"docicon\" target=\"_blank\">Programi edukativ \u2013 Nato dhe dialogu i te rinjve (Koha Javore 25.10.2012)<\/a><\/p>\n<p><a href=\"https:\/\/www.ngo-horizonti.org\/wp-content\/uploads\/2016\/07\/Socijalni-servis-za-samohrane-roditelje-Vijesti-14-09-2012.jpg\" class=\"docicon\" target=\"_blank\">Socijalni servis za samohrane roditelje (Vijesti 14.09.2012)<\/a><\/p>\n<p><a href=\"https:\/\/www.ngo-horizonti.org\/wp-content\/uploads\/2016\/07\/Servis-podrske-samohranim-roditeljima-Dnevne-Novine-2012.jpg\" class=\"docicon\" target=\"_blank\">\u201dServis podrske samohranim roditeljima (Dnevne Novine 2012)<\/a><\/p>\n","protected":false},"excerpt":{"rendered":"<p>K\u00ebndi p\u00ebr t\u00eb rinj n\u00eb Ulqin (Koha Javore \u2013 29 shtator 2016) Hartimi i Planit lokal kund\u00ebr drogave \u2013 Izrada LPA za prevenciju narkomanije (TV Teuta) Hartimi i Planit lokal kund\u00ebr drogave (Koha Javore, 15 shtator 2016) Izrada LAP za prevenciju narkomanije (DAN, 2. septembar 2016) Qendra Burimore per mbeshtetjen e OJQ-ve (Koha Javore, 04 [&hellip;]<\/p>\n","protected":false},"author":1,"featured_media":0,"parent":0,"menu_order":0,"comment_status":"closed","ping_status":"closed","template":"","meta":{"_et_pb_use_builder":"","_et_pb_old_content":"","_et_gb_content_width":"","ngg_post_thumbnail":0,"slim_seo":{"title":"Press Clipping - New Horizon NGO","description":"K\u00ebndi p\u00ebr t\u00eb rinj n\u00eb Ulqin (Koha Javore \u2013 29 shtator 2016) Hartimi i Planit lokal kund\u00ebr drogave \u2013 Izrada LPA za prevenciju narkomanije (TV Teuta) Hartimi i Pla"},"footnotes":""},"class_list":["post-2760","page","type-page","status-publish","hentry"],"_links":{"self":[{"href":"https:\/\/www.ngo-horizonti.org\/mne\/wp-json\/wp\/v2\/pages\/2760","targetHints":{"allow":["GET"]}}],"collection":[{"href":"https:\/\/www.ngo-horizonti.org\/mne\/wp-json\/wp\/v2\/pages"}],"about":[{"href":"https:\/\/www.ngo-horizonti.org\/mne\/wp-json\/wp\/v2\/types\/page"}],"author":[{"embeddable":true,"href":"https:\/\/www.ngo-horizonti.org\/mne\/wp-json\/wp\/v2\/users\/1"}],"replies":[{"embeddable":true,"href":"https:\/\/www.ngo-horizonti.org\/mne\/wp-json\/wp\/v2\/comments?post=2760"}],"version-history":[{"count":5,"href":"https:\/\/www.ngo-horizonti.org\/mne\/wp-json\/wp\/v2\/pages\/2760\/revisions"}],"predecessor-version":[{"id":6204,"href":"https:\/\/www.ngo-horizonti.org\/mne\/wp-json\/wp\/v2\/pages\/2760\/revisions\/6204"}],"wp:attachment":[{"href":"https:\/\/www.ngo-horizonti.org\/mne\/wp-json\/wp\/v2\/media?parent=2760"}],"curies":[{"name":"wp","href":"https:\/\/api.w.org\/{rel}","templated":true}]}}