{"id":2754,"date":"2015-12-14T00:40:40","date_gmt":"2015-12-13T23:40:40","guid":{"rendered":"http:\/\/www.ngo-horizonti.org\/mne\/?page_id=2754"},"modified":"2025-06-25T19:05:08","modified_gmt":"2025-06-25T18:05:08","slug":"home","status":"publish","type":"page","link":"https:\/\/www.ngo-horizonti.org\/mne\/home\/","title":{"rendered":"Home"},"content":{"rendered":"<p>[et_pb_section fb_built=&#8221;1&#8243; theme_builder_area=&#8221;post_content&#8221; _builder_version=&#8221;4.27.4&#8243; _module_preset=&#8221;default&#8221;][\/et_pb_section]<\/p>\n","protected":false},"excerpt":{"rendered":"","protected":false},"author":1,"featured_media":9901,"parent":0,"menu_order":0,"comment_status":"closed","ping_status":"closed","template":"page-template-blog-feed.php","meta":{"_et_pb_use_builder":"on","_et_pb_old_content":"<p style=\"text-align: justify;\">NVO Novi Horizont je organizovao konferenciju za medije na kojoj je objavljena nova publikacija \u201e<strong>Glas gra\u0111ana za dobru upravu<\/strong>\u201c, koja se ti\u010de rezultata istra\u017eivanja o u\u010de\u0161\u0107u gra\u0111ana u procesu dono\u0161enja odluka na lokalnom nivou - op\u0161tina Ulcinj.<\/p>\r\n<p style=\"text-align: justify;\">Istra\u017eivanje je bilo dobrovoljno i anonimno, i njime je obuhva\u0107eno 235 ispitanika. Fokus ovog istra\u017eivanja javnog mnjenja je bio procjena povjerenja gra\u0111ana u Lokalnu samoupravu, kao i vrednovanje saradnje na relaciji Op\u0161tina \u2013 gra\u0111anin.<\/p>\r\n<p style=\"text-align: justify;\">Ova aktivnost je dio projekta ,,<strong>Za moj glas u mojoj op\u0161tini<\/strong>\u201c, koji se sprovodi u partnerstvu sa NVO \u201eUl- info\u201c i Gradskom bibliotekom Ulcinj, uz finansijsku podr\u0161ku Ministarstva javne uprave u sklopu programa ,,e-Demokratija \u2013 u\u010destvuj, predlo\u017ei, promijeni\u201d, u oblasti reforme javne uprave<\/p>\r\n<p style=\"text-align: justify;\">\u010citavu publikaciju mo\u017eete preuzeti <a href=\"https:\/\/www.ngo-horizonti.org\/wp-content\/uploads\/2020\/07\/GLAS-GRA%C4%90ANA-ZA-DOBRU-UPRAVU.pdf\"><strong>OVDJE<\/strong><\/a>.<\/p>","_et_gb_content_width":"","ngg_post_thumbnail":0,"slim_seo":{"title":"Home - New Horizon NGO","description":""},"footnotes":""},"class_list":["post-2754","page","type-page","status-publish","has-post-thumbnail","hentry"],"_links":{"self":[{"href":"https:\/\/www.ngo-horizonti.org\/mne\/wp-json\/wp\/v2\/pages\/2754","targetHints":{"allow":["GET"]}}],"collection":[{"href":"https:\/\/www.ngo-horizonti.org\/mne\/wp-json\/wp\/v2\/pages"}],"about":[{"href":"https:\/\/www.ngo-horizonti.org\/mne\/wp-json\/wp\/v2\/types\/page"}],"author":[{"embeddable":true,"href":"https:\/\/www.ngo-horizonti.org\/mne\/wp-json\/wp\/v2\/users\/1"}],"replies":[{"embeddable":true,"href":"https:\/\/www.ngo-horizonti.org\/mne\/wp-json\/wp\/v2\/comments?post=2754"}],"version-history":[{"count":10,"href":"https:\/\/www.ngo-horizonti.org\/mne\/wp-json\/wp\/v2\/pages\/2754\/revisions"}],"predecessor-version":[{"id":15031,"href":"https:\/\/www.ngo-horizonti.org\/mne\/wp-json\/wp\/v2\/pages\/2754\/revisions\/15031"}],"wp:featuredmedia":[{"embeddable":true,"href":"https:\/\/www.ngo-horizonti.org\/mne\/wp-json\/wp\/v2\/media\/9901"}],"wp:attachment":[{"href":"https:\/\/www.ngo-horizonti.org\/mne\/wp-json\/wp\/v2\/media?parent=2754"}],"curies":[{"name":"wp","href":"https:\/\/api.w.org\/{rel}","templated":true}]}}